{"id":792,"date":"2021-02-10T02:33:27","date_gmt":"2021-02-10T02:33:27","guid":{"rendered":"https:\/\/www.drisanet.com\/?page_id=792"},"modified":"2021-12-30T18:48:32","modified_gmt":"2021-12-30T18:48:32","slug":"about-us","status":"publish","type":"page","link":"https:\/\/www.drisanet.com\/?page_id=792&lang=ca","title":{"rendered":"Nosaltres"},"content":{"rendered":"<p>[vc_row wrap_container=\u00bbyes\u00bb el_class=\u00bbpt-3 mt-4&#8243;][vc_column][vc_custom_heading text=\u00bbDrisanet est\u00e0 formada per equip de persones que li apassiona la feina ben feta. El nostre objectiu \u00e9s treballar com si fos un m\u00e9s de l&#8217;equip d&#8217;empresa i ens adaptem a les necessitats de cada empresa, donant resultats visibles des del primer moment.\u00bb font_container=\u00bbtag:h2|font_size:35px|text_align:left|line_height:1.3&#8243; use_theme_fonts=\u00bbyes\u00bb letter_spacing=\u00bb-1.75px\u00bb animation_delay=\u00bb250&#8243; el_class=\u00bbtext-transform-none font-weight-semibold mb-4 mb-lg-3 mb-xl-4&#8243; animation_type=\u00bbfadeInUp\u00bb][vc_custom_heading text=\u00bbProfessionals amb molts anys d&#8217;experi\u00e8ncia i sempre oferint la qualitat m\u00e9s alta a tots els nostres treballs, \u00e9s per aix\u00f2 que tots els nostres clients confien plenament en la nostra forma de treballar.\u00bb font_container=\u00bbtag:p|font_size:15.4px|text_align:left\u00bb use_theme_fonts=\u00bbyes\u00bb animation_delay=\u00bb500&#8243; animation_type=\u00bbfadeInUp\u00bb][\/vc_column][\/vc_row][vc_row gap=\u00bb20&#8243; content_placement=\u00bbmiddle\u00bb wrap_container=\u00bbyes\u00bb el_class=\u00bbm-b-lg pb-2&#8243;][vc_column offset=\u00bbvc_col-lg-7 vc_col-md-6&#8243;][vc_row_inner content_placement=\u00bbmiddle\u00bb el_class=\u00bbcustom-gutter-sm\u00bb][vc_column_inner el_class=\u00bbcol-auto\u00bb width=\u00bb1\/2&#8243; animation_delay=\u00bb1000&#8243; offset=\u00bbvc_col-xs-12&#8243; animation_type=\u00bbfadeInLeft\u00bb]<div class=\"porto-sicon-box mb-0 custom-info-style  wpb_custom_1efe903570d178ff0a9b7bfa5febd3a4 style_1 default-icon\"><div class=\"porto-sicon-default\"><div id=\"porto-icon-135078166969f27b6dd3216\" class=\"porto-just-icon-wrapper porto-sicon-img\" style=\"font-size: 63px;margin-right:16px;\"><img class=\"img-icon\" alt=\"\" src=\"https:\/\/www.drisanet.com\/wp-content\/uploads\/2021\/02\/p-icon.jpg\" width=\"63\" height=\"63\" \/><\/div><\/div><div class=\"porto-sicon-header\"><h3 class=\"porto-sicon-title\" style=\"font-weight:700;font-size:38.5px;line-height:26px;letter-spacing:0;color:#212529;margin-bottom:0px;\">240+<\/h3><p style=\"font-weight:700;font-size:14px;line-height:26px;color:#212529;\">Clients Satisfets<\/p><\/div> <!-- header --><\/div><!-- porto-sicon-box -->[\/vc_column_inner][vc_column_inner el_class=\u00bbp-l-sm p-r-sm\u00bb width=\u00bb2\/3&#8243; animation_delay=\u00bb1200&#8243; offset=\u00bbvc_col-xs-12&#8243; animation_type=\u00bbfadeInLeft\u00bb][vc_custom_heading text=\u00bbServeis de neteja a empreses, comunitats, institucions i neteges especials.\u00bb font_container=\u00bbtag:p|text_align:left\u00bb use_theme_fonts=\u00bbyes\u00bb el_class=\u00bbmb-0&#8243; css=\u00bb.vc_custom_1640860788262{border-left-width: 12px !important;padding-top: 4px !important;padding-right: 16px !important;padding-bottom: 8px !important;padding-left: 16px !important;border-left-color: #f3f3f3 !important;border-left-style: solid !important;}\u00bb][\/vc_column_inner][\/vc_row_inner][\/vc_column][vc_column offset=\u00bbvc_col-lg-5 vc_col-md-6&#8243; el_class=\u00bbcustom-gutter-sm\u00bb][vc_btn title=\u00bbContacte\u00bb skin=\u00bbdark\u00bb btn_fs=\u00bb0.9625rem\u00bb btn_fw=\u00bb600&#8243; btn_ls=\u00bb0&#8243; animation_delay=\u00bb1600&#8243; link=\u00bburl:https%3A%2F%2Fwww.drisanet.com%2F%3Fpage_id%3D774%26lang%3Dca|title:Contacte|\u00bb el_class=\u00bbcustom-btn-style-1 mb-0 col-auto\u00bb btn_px=\u00bb20px\u00bb btn_py=\u00bb12px\u00bb animation_type=\u00bbfadeInLeft\u00bb]<a class=\"porto-sicon-box-link\" href=\"tel:+34630037686\"><div class=\"porto-sicon-box col-auto mb-0 text-color-hover-primary mt-4 mt-sm-0  wpb_custom_1efe903570d178ff0a9b7bfa5febd3a4 style_1 default-icon\" data-appear-animation=\"fadeInLeft\" data-appear-animation-delay=\"1800\"><div class=\"porto-sicon-default\"><div class=\"porto-just-icon-wrapper porto-icon none\" style=\"color:#212529;font-size:25px;margin-right:8px;\"><i class=\"porto-icon-phone-call\"><\/i><\/div><\/div><div class=\"porto-sicon-header\"><h3 class=\"porto-sicon-title\" style=\"font-weight:600;font-size:14px;letter-spacing:0;color:#212529;\">630 037 686<\/h3><\/div> <!-- header --><\/div><!-- porto-sicon-box --><\/a>[\/vc_column][\/vc_row][vc_row wrap_container=\u00bbyes\u00bb el_class=\u00bbposition-relative pt-3 mt-4&#8243; css=\u00bb.vc_custom_1638876255457{background-image: url(https:\/\/www.drisanet.com\/wp-content\/uploads\/2021\/12\/background-6.jpg?id=666) !important;background-position: center !important;background-repeat: no-repeat !important;background-size: cover !important;}\u00bb][vc_column animation_delay=\u00bb1000&#8243; el_class=\u00bbtext-center\u00bb animation_type=\u00bbfadeInUp\u00bb][vc_column_text]<\/p>\n<h2>Els nostres serveis<\/h2>\n<p>[\/vc_column_text][vc_row_inner gap=\u00bb20&#8243; el_class=\u00bbjustify-content-center text-start p-b-sm mb-4&#8243;][vc_column_inner el_class=\u00bbcustom-service-item custom-link-hover-effects custom-box-shadow-2 m-b-xs\u00bb width=\u00bb1\/2&#8243; offset=\u00bbvc_col-md-4 vc_col-xs-9&#8243;]<a class=\"porto-sicon-box-link\" href=\"https:\/\/www.drisanet.com\/?page_id=787&#038;lang=ca\" title='Neteja d&#039;empreses'><div class=\"porto-sicon-box svg-fill-color-primary custom-crooked-line mb-0  wpb_custom_1efe903570d178ff0a9b7bfa5febd3a4 style_1 default-icon\"><div class=\"porto-sicon-default\"><div id=\"porto-icon-191713704869f27b6dd434c\" class=\"porto-just-icon-wrapper porto-sicon-img\" style=\"font-size: 393px;\"><img class=\"img-icon\" alt=\"\" src=\"https:\/\/www.drisanet.com\/wp-content\/uploads\/2021\/12\/empresas.png\" width=\"393\" height=\"205\" \/><\/div><\/div><div class=\"porto-sicon-header\"><h3 class=\"porto-sicon-title\" style=\"font-weight:600;font-size:25.2px;line-height:27px;letter-spacing:-0.05em;\">Neteja d'empreses i vidres<\/h3><\/div> <!-- header --><\/div><!-- porto-sicon-box --><\/a><a class=\"porto-sicon-box-link\" href=\"https:\/\/www.drisanet.com\/?page_id=787&#038;lang=ca\" title='Neteja d&#039;empreses'><div class=\"porto-sicon-box  vc_custom_1640009776698 mb-0 bg-white  wpb_custom_1efe903570d178ff0a9b7bfa5febd3a4 style_1 heading-right-icon\"><div class=\"porto-sicon-header\"><p style=\"color:#777777;\">sales de reunions, despatxos, taules de treball i ordinadors, fins a la recepci\u00f3 i el staff<\/p><\/div> <!-- header --><div class=\"porto-sicon-heading-right\" ><div class=\"porto-just-icon-wrapper porto-icon none\" style=\"color:#8c2fa1;font-size:35px;\"><i class=\"porto-icon-long-arrow-alt\"><\/i><\/div><\/div><\/div><!-- porto-sicon-box --><\/a>[\/vc_column_inner][vc_column_inner el_class=\u00bbcustom-service-item custom-link-hover-effects custom-box-shadow-2 m-b-xs\u00bb width=\u00bb1\/2&#8243; offset=\u00bbvc_col-md-4 vc_col-xs-9&#8243;]<a class=\"porto-sicon-box-link\" href=\"https:\/\/www.drisanet.com\/?page_id=789&#038;lang=ca\" title='Neteja de fa\u00e7anes i comunitats'><div class=\"porto-sicon-box svg-fill-color-primary custom-crooked-line mb-0  wpb_custom_1efe903570d178ff0a9b7bfa5febd3a4 style_1 default-icon\"><div class=\"porto-sicon-default\"><div id=\"porto-icon-105328847369f27b6dd5158\" class=\"porto-just-icon-wrapper porto-sicon-img\" style=\"font-size: 393px;\"><img class=\"img-icon\" alt=\"\" src=\"https:\/\/www.drisanet.com\/wp-content\/uploads\/2021\/12\/fachadas.png\" width=\"393\" height=\"205\" \/><\/div><\/div><div class=\"porto-sicon-header\"><h3 class=\"porto-sicon-title\" style=\"font-weight:600;font-size:25.2px;line-height:27px;letter-spacing:-0.05em;\">Neteja de fa\u00e7anes i comunitats<\/h3><\/div> <!-- header --><\/div><!-- porto-sicon-box --><\/a><a class=\"porto-sicon-box-link\" href=\"https:\/\/www.drisanet.com\/?page_id=789&#038;lang=ca\" title='Neteja de fa\u00e7anes i comunitats'><div class=\"porto-sicon-box  vc_custom_1640009877937 mb-0 bg-white  wpb_custom_1efe903570d178ff0a9b7bfa5febd3a4 style_1 heading-right-icon\"><div class=\"porto-sicon-header\"><p style=\"color:#777777;\">Soluci\u00f3 adequada per a cada estil arquitect\u00f2nic, cl\u00e0ssic, modern o especial.<\/p><\/div> <!-- header --><div class=\"porto-sicon-heading-right\" ><div class=\"porto-just-icon-wrapper porto-icon none\" style=\"color:#8c2fa1;font-size:35px;\"><i class=\"porto-icon-long-arrow-alt\"><\/i><\/div><\/div><\/div><!-- porto-sicon-box --><\/a>[\/vc_column_inner][vc_column_inner el_class=\u00bbcustom-service-item custom-link-hover-effects custom-box-shadow-2 m-b-xs\u00bb width=\u00bb1\/2&#8243; offset=\u00bbvc_col-md-4 vc_col-xs-9&#8243;]<a class=\"porto-sicon-box-link\" href=\"https:\/\/www.drisanet.com\/?page_id=782&#038;lang=ca\" title='Neteja Centres Sanitaris i Escoles'><div class=\"porto-sicon-box svg-fill-color-primary custom-crooked-line mb-0  wpb_custom_1efe903570d178ff0a9b7bfa5febd3a4 style_1 default-icon\"><div class=\"porto-sicon-default\"><div id=\"porto-icon-62785089969f27b6dd5f35\" class=\"porto-just-icon-wrapper porto-sicon-img\" style=\"font-size: 393px;\"><img class=\"img-icon\" alt=\"\" src=\"https:\/\/www.drisanet.com\/wp-content\/uploads\/2021\/12\/centros.png\" width=\"393\" height=\"205\" \/><\/div><\/div><div class=\"porto-sicon-header\"><h3 class=\"porto-sicon-title\" style=\"font-weight:600;font-size:25.2px;line-height:27px;letter-spacing:-0.05em;\">Neteja de Centres<\/h3><\/div> <!-- header --><\/div><!-- porto-sicon-box --><\/a><a class=\"porto-sicon-box-link\" href=\"https:\/\/www.drisanet.com\/?page_id=782&#038;lang=ca\" title='Neteja Centres Sanitaris i Escoles'><div class=\"porto-sicon-box  vc_custom_1640009956003 mb-0 bg-white  wpb_custom_1efe903570d178ff0a9b7bfa5febd3a4 style_1 heading-right-icon\"><div class=\"porto-sicon-header\"><p style=\"color:#777777;\">Hospitals, Centres Soci Sanitaris, Cl\u00edniques, Resid\u00e8ncies i Centres Escolars<\/p><\/div> <!-- header --><div class=\"porto-sicon-heading-right\" ><div class=\"porto-just-icon-wrapper porto-icon none\" style=\"color:#8c2fa1;font-size:35px;\"><i class=\"porto-icon-long-arrow-alt\"><\/i><\/div><\/div><\/div><!-- porto-sicon-box --><\/a>[\/vc_column_inner][vc_column_inner el_class=\u00bbcustom-service-item custom-link-hover-effects custom-box-shadow-2 m-b-xs\u00bb width=\u00bb1\/2&#8243; offset=\u00bbvc_col-md-4 vc_col-xs-9&#8243;]<a class=\"porto-sicon-box-link\" href=\"https:\/\/www.drisanet.com\/?page_id=785&#038;lang=ca\" title='Neteja comer\u00e7os'><div class=\"porto-sicon-box svg-fill-color-primary custom-crooked-line mb-0  wpb_custom_1efe903570d178ff0a9b7bfa5febd3a4 style_1 default-icon\"><div class=\"porto-sicon-default\"><div id=\"porto-icon-59648414669f27b6dd6cda\" class=\"porto-just-icon-wrapper porto-sicon-img\" style=\"font-size: 393px;\"><img class=\"img-icon\" alt=\"\" src=\"https:\/\/www.drisanet.com\/wp-content\/uploads\/2021\/12\/comerciales.png\" width=\"393\" height=\"205\" \/><\/div><\/div><div class=\"porto-sicon-header\"><h3 class=\"porto-sicon-title\" style=\"font-weight:600;font-size:25.2px;line-height:27px;letter-spacing:-0.05em;\">Neteja de Comer\u00e7os<\/h3><\/div> <!-- header --><\/div><!-- porto-sicon-box --><\/a><a class=\"porto-sicon-box-link\" href=\"https:\/\/www.drisanet.com\/?page_id=785&#038;lang=ca\"><div class=\"porto-sicon-box  vc_custom_1640010037553 mb-0 bg-white  wpb_custom_1efe903570d178ff0a9b7bfa5febd3a4 style_1 heading-right-icon\"><div class=\"porto-sicon-header\"><p style=\"color:#777777;\">Des de grans superf\u00edcies comercials, fins als m\u00e9s petits locals<\/p><\/div> <!-- header --><div class=\"porto-sicon-heading-right\" ><div class=\"porto-just-icon-wrapper porto-icon none\" style=\"color:#8c2fa1;font-size:35px;\"><i class=\"porto-icon-long-arrow-alt\"><\/i><\/div><\/div><\/div><!-- porto-sicon-box --><\/a>[\/vc_column_inner][vc_column_inner el_class=\u00bbcustom-service-item custom-link-hover-effects custom-box-shadow-2 m-b-xs\u00bb width=\u00bb1\/2&#8243; offset=\u00bbvc_col-md-4 vc_col-xs-9&#8243;]<a class=\"porto-sicon-box-link\" href=\"https:\/\/www.drisanet.com\/?page_id=791&#038;lang=ca\" title='Neteja fi d&#039;obra'><div class=\"porto-sicon-box svg-fill-color-primary custom-crooked-line mb-0  wpb_custom_1efe903570d178ff0a9b7bfa5febd3a4 style_1 default-icon\"><div class=\"porto-sicon-default\"><div id=\"porto-icon-75206104069f27b6dd7aad\" class=\"porto-just-icon-wrapper porto-sicon-img\" style=\"font-size: 393px;\"><img class=\"img-icon\" alt=\"\" src=\"https:\/\/www.drisanet.com\/wp-content\/uploads\/2021\/12\/finobra.png\" width=\"393\" height=\"205\" \/><\/div><\/div><div class=\"porto-sicon-header\"><h3 class=\"porto-sicon-title\" style=\"font-weight:600;font-size:25.2px;line-height:27px;letter-spacing:-0.05em;\">Neteja Fi d'obra<\/h3><\/div> <!-- header --><\/div><!-- porto-sicon-box --><\/a><a class=\"porto-sicon-box-link\" href=\"https:\/\/www.drisanet.com\/?page_id=791&#038;lang=ca\" title='Neteja Fi d&#039;obra'><div class=\"porto-sicon-box  vc_custom_1640010104509 mb-0 bg-white  wpb_custom_1efe903570d178ff0a9b7bfa5febd3a4 style_1 heading-right-icon\"><div class=\"porto-sicon-header\"><p style=\"color:#777777;\">Estrena habitatge en les condicions \u00f2ptimes d'higiene i neteja, ens encarreguem de tot<\/p><\/div> <!-- header --><div class=\"porto-sicon-heading-right\" ><div class=\"porto-just-icon-wrapper porto-icon none\" style=\"color:#8c2fa1;font-size:35px;\"><i class=\"porto-icon-long-arrow-alt\"><\/i><\/div><\/div><\/div><!-- porto-sicon-box --><\/a>[\/vc_column_inner][vc_column_inner el_class=\u00bbcustom-service-item custom-link-hover-effects custom-box-shadow-2 m-b-xs\u00bb width=\u00bb1\/2&#8243; offset=\u00bbvc_col-md-4 vc_col-xs-9&#8243;]<a class=\"porto-sicon-box-link\" href=\"https:\/\/www.drisanet.com\/?page_id=790&#038;lang=ca\" title='Neteja Check-in Chexk-out'><div class=\"porto-sicon-box svg-fill-color-primary custom-crooked-line mb-0  wpb_custom_1efe903570d178ff0a9b7bfa5febd3a4 style_1 default-icon\"><div class=\"porto-sicon-default\"><div id=\"porto-icon-171262406969f27b6dd8847\" class=\"porto-just-icon-wrapper porto-sicon-img\" style=\"font-size: 393px;\"><img class=\"img-icon\" alt=\"\" src=\"https:\/\/www.drisanet.com\/wp-content\/uploads\/2021\/12\/chekinoyt.png\" width=\"393\" height=\"205\" \/><\/div><\/div><div class=\"porto-sicon-header\"><h3 class=\"porto-sicon-title\" style=\"font-weight:600;font-size:25.2px;line-height:27px;letter-spacing:-0.05em;\">Neteja Chek-in Chek-out<\/h3><\/div> <!-- header --><\/div><!-- porto-sicon-box --><\/a><a class=\"porto-sicon-box-link\" href=\"https:\/\/www.drisanet.com\/?page_id=790&#038;lang=ca\" title='Neteja Check-in Chexk-out'><div class=\"porto-sicon-box  vc_custom_1640010198985 mb-0 bg-white  wpb_custom_1efe903570d178ff0a9b7bfa5febd3a4 style_1 heading-right-icon\"><div class=\"porto-sicon-header\"><p style=\"color:#777777;\">Netejar i higienitzar els habitatges i les zones comuns a cada canvi d'inquili<\/p><\/div> <!-- header --><div class=\"porto-sicon-heading-right\" ><div class=\"porto-just-icon-wrapper porto-icon none\" style=\"color:#8c2fa1;font-size:35px;\"><i class=\"porto-icon-long-arrow-alt\"><\/i><\/div><\/div><\/div><!-- porto-sicon-box --><\/a>[\/vc_column_inner][\/vc_row_inner][\/vc_column][\/vc_row][vc_row wrap_container=\u00bbyes\u00bb css=\u00bb.vc_custom_1613432962838{padding-top: 50px !important;padding-bottom: 114px !important;background-color: #212529 !important;}\u00bb el_class=\u00bbposition-relative overflow-hidden custom-banner-size\u00bb][vc_column el_class=\u00bbposition-static pb-5 mb-5&#8243;][vc_raw_html el_class=\u00bbshape-divider shape-divider-reverse h-102 z-index-3&#8243;]JTNDc3ZnJTIwdmVyc2lvbiUzRCUyMjEuMSUyMiUyMHhtbG5zJTNEJTIyaHR0cCUzQSUyRiUyRnd3dy53My5vcmclMkYyMDAwJTJGc3ZnJTIyJTIweG1sbnMlM0F4bGluayUzRCUyMmh0dHAlM0ElMkYlMkZ3d3cudzMub3JnJTJGMTk5OSUyRnhsaW5rJTIyJTIweCUzRCUyMjBweCUyMiUyMHklM0QlMjIwcHglMjIlMjB2aWV3Qm94JTNEJTIyMCUyMDAlMjAxOTIwJTIwMTAyJTIyJTIwcHJlc2VydmVBc3BlY3RSYXRpbyUzRCUyMm5vbmUlMjIlM0UlMEElMjAlMjAlMjAlMjAlM0Nwb2x5Z29uJTIwZmlsbCUzRCUyMiUyM0YzRjNGMyUyMiUyMHBvaW50cyUzRCUyMjAlMkM2NSUyMDIyMCUyQzM1JTIwNTYyJTJDNjMlMjA5MzElMkMxMCUyMDE0MTAlMkM2OCUyMDE5MjAlMkMxNiUyMDE5MjAlMkMxMDMlMjAwJTJDMTAzJTIwJTIyJTNFJTNDJTJGcG9seWdvbiUzRSUwQSUyMCUyMCUyMCUyMCUzQ3BvbHlnb24lMjBmaWxsJTNEJTIyJTIzRkZGJTIyJTIwcG9pbnRzJTNEJTIyMCUyQzgyJTIwMjE5JTJDNTElMjA1NjIlMkM3OCUyMDkzMSUyQzI2JTIwMTQwOSUyQzgzJTIwMTkyMCUyQzMyJTIwMTkyMCUyQzEwMyUyMDAlMkMxMDMlMjAlMjIlM0UlM0MlMkZwb2x5Z29uJTNFJTBBJTNDJTJGc3ZnJTNF[\/vc_raw_html][\/vc_column][vc_column width=\u00bb7\/12&#8243; el_class=\u00bbpy-4 my-2 ms-md-3 ms-lg-0&#8243; offset=\u00bbvc_col-md-8&#8243;][vc_custom_heading text=\u00bb<strong>SOLICITE INFORMACI\u00d3N<\/strong>\u00bb font_container=\u00bbtag:h4|font_size:16.8px|text_align:left|line_height:1.5&#8243; use_theme_fonts=\u00bbyes\u00bb letter_spacing=\u00bb2.5px\u00bb animation_delay=\u00bb100&#8243; el_class=\u00bbcustom-highlight-1 custom-weight-1 text-primary mb-2&#8243; animation_type=\u00bbfadeInUp\u00bb][vc_custom_heading text=\u00bbEnv\u00edenos un mensaje y conozca m\u00e1s sobre nuestros servicios\u00bb font_container=\u00bbtag:h3|font_size:35px|text_align:left|line_height:1.3&#8243; use_theme_fonts=\u00bbyes\u00bb font_weight=\u00bb500&#8243; letter_spacing=\u00bb0&#8243; animation_delay=\u00bb250&#8243; el_class=\u00bbtext-white mb-3 pb-1&#8243; animation_type=\u00bbfadeInUp\u00bb][vc_custom_heading text=\u00bbContacta con nosotros y p\u00eddenos un presupuesto sin compromiso. Te responderemos en menos de 24 horas.\u00bb font_container=\u00bbtag:p|font_size:15.4px|text_align:left\u00bb use_theme_fonts=\u00bbyes\u00bb animation_delay=\u00bb500&#8243; animation_type=\u00bbfadeInUp\u00bb el_class=\u00bbpb-3 mb-4&#8243;]<div role=\"form\" class=\"wpcf7\" id=\"wpcf7-f324-o1\" lang=\"es-ES\" dir=\"ltr\">\n<div class=\"screen-reader-response\"><p role=\"status\" aria-live=\"polite\" aria-atomic=\"true\"><\/p> <ul><\/ul><\/div>\n<form action=\"\/index.php?rest_route=%2Fwp%2Fv2%2Fpages%2F792#wpcf7-f324-o1\" method=\"post\" class=\"wpcf7-form init\" novalidate=\"novalidate\" data-status=\"init\">\n<div style=\"display: none;\">\n<input type=\"hidden\" name=\"_wpcf7\" value=\"324\" \/>\n<input type=\"hidden\" name=\"_wpcf7_version\" value=\"5.6.3\" \/>\n<input type=\"hidden\" name=\"_wpcf7_locale\" value=\"es_ES\" \/>\n<input type=\"hidden\" name=\"_wpcf7_unit_tag\" value=\"wpcf7-f324-o1\" \/>\n<input type=\"hidden\" name=\"_wpcf7_container_post\" value=\"0\" \/>\n<input type=\"hidden\" name=\"_wpcf7_posted_data_hash\" value=\"\" \/>\n<input type=\"hidden\" name=\"_wpcf7_recaptcha_response\" value=\"\" \/>\n<\/div>\n<div class=\"mb-3\">\n    <span class=\"wpcf7-form-control-wrap\" data-name=\"text-771\"><input type=\"text\" name=\"text-771\" value=\"\" size=\"40\" class=\"wpcf7-form-control wpcf7-text wpcf7-validates-as-required form-control\" aria-required=\"true\" aria-invalid=\"false\" placeholder=\"* Nombre\" \/><\/span>\n<\/div>\n<div class=\"mb-3\">\n    <span class=\"wpcf7-form-control-wrap\" data-name=\"email-406\"><input type=\"email\" name=\"email-406\" value=\"\" size=\"40\" class=\"wpcf7-form-control wpcf7-text wpcf7-email wpcf7-validates-as-required wpcf7-validates-as-email form-control\" aria-required=\"true\" aria-invalid=\"false\" placeholder=\"* Email\" \/><\/span>\n<\/div>\n<div class=\"mb-3\">\n    <span class=\"wpcf7-form-control-wrap\" data-name=\"tel-721\"><input type=\"tel\" name=\"tel-721\" value=\"\" size=\"40\" class=\"wpcf7-form-control wpcf7-text wpcf7-tel wpcf7-validates-as-required wpcf7-validates-as-tel form-control\" aria-required=\"true\" aria-invalid=\"false\" placeholder=\"* Tel\u00e9fono\" \/><\/span>\n<\/div>\n<div class=\"m-b-xl\">\n    <span class=\"wpcf7-form-control-wrap\" data-name=\"textarea-824\"><textarea name=\"textarea-824\" cols=\"40\" rows=\"10\" class=\"wpcf7-form-control wpcf7-textarea wpcf7-validates-as-required form-control\" aria-required=\"true\" aria-invalid=\"false\" placeholder=\"* Mensaje\"><\/textarea><\/span>\n<\/div>\n<div class=\"custom-btn-style-1 custom-btn-primary d-inline-block\">\n    <input type=\"submit\" value=\"Enviar\" class=\"wpcf7-form-control has-spinner wpcf7-submit font-weight-semibold btn-primary\" \/>\n<\/div>\n<div class=\"wpcf7-response-output\" aria-hidden=\"true\"><\/div><\/form><\/div>[\/vc_column][vc_column width=\u00bb1\/2&#8243; el_class=\u00bboverlay-color-primary custom-overlay custom-contact h-100 d-none d-md-block\u00bb css=\u00bb.vc_custom_1613432624467{background-image: url(\/\/sw-themes.com\/porto_dummy\/wp-content\/uploads\/2021\/02\/background-2.jpg?id=318) !important;background-position: center !important;background-repeat: no-repeat !important;background-size: cover !important;}\u00bb][\/vc_column][\/vc_row]<\/p>\n","protected":false},"excerpt":{"rendered":"<p>[vc_row wrap_container=\u00bbyes\u00bb el_class=\u00bbpt-3 mt-4&#8243;][vc_column][vc_custom_heading text=\u00bbDrisanet est\u00e0 formada per equip de persones que li apassiona la feina ben feta. El nostre objectiu \u00e9s treballar com si fos un m\u00e9s de l&#8217;equip d&#8217;empresa i ens adaptem a les necessitats de cada empresa, donant resultats visibles des del primer moment.\u00bb font_container=\u00bbtag:h2|font_size:35px|text_align:left|line_height:1.3&#8243; use_theme_fonts=\u00bbyes\u00bb letter_spacing=\u00bb-1.75px\u00bb animation_delay=\u00bb250&#8243; el_class=\u00bbtext-transform-none font-weight-semibold mb-4 mb-lg-3 [&hellip;]<\/p>\n","protected":false},"author":1,"featured_media":0,"parent":0,"menu_order":0,"comment_status":"closed","ping_status":"closed","template":"","meta":[],"_links":{"self":[{"href":"https:\/\/www.drisanet.com\/index.php?rest_route=\/wp\/v2\/pages\/792"}],"collection":[{"href":"https:\/\/www.drisanet.com\/index.php?rest_route=\/wp\/v2\/pages"}],"about":[{"href":"https:\/\/www.drisanet.com\/index.php?rest_route=\/wp\/v2\/types\/page"}],"author":[{"embeddable":true,"href":"https:\/\/www.drisanet.com\/index.php?rest_route=\/wp\/v2\/users\/1"}],"replies":[{"embeddable":true,"href":"https:\/\/www.drisanet.com\/index.php?rest_route=%2Fwp%2Fv2%2Fcomments&post=792"}],"version-history":[{"count":7,"href":"https:\/\/www.drisanet.com\/index.php?rest_route=\/wp\/v2\/pages\/792\/revisions"}],"predecessor-version":[{"id":837,"href":"https:\/\/www.drisanet.com\/index.php?rest_route=\/wp\/v2\/pages\/792\/revisions\/837"}],"wp:attachment":[{"href":"https:\/\/www.drisanet.com\/index.php?rest_route=%2Fwp%2Fv2%2Fmedia&parent=792"}],"curies":[{"name":"wp","href":"https:\/\/api.w.org\/{rel}","templated":true}]}}