{"id":789,"date":"2021-12-02T15:35:26","date_gmt":"2021-12-02T15:35:26","guid":{"rendered":"https:\/\/www.drisanet.com\/?page_id=789"},"modified":"2021-12-30T18:50:27","modified_gmt":"2021-12-30T18:50:27","slug":"limpieza-de-empresas-2","status":"publish","type":"page","link":"https:\/\/www.drisanet.com\/?page_id=789&lang=ca","title":{"rendered":"Neteja de fa\u00e7anes i comunitats"},"content":{"rendered":"<p>[vc_row wrap_container=\u00bbyes\u00bb el_class=\u00bbposition-relative pt-3 mt-4&#8243;][vc_column offset=\u00bbvc_col-lg-10 vc_col-md-11&#8243; el_class=\u00bbmx-auto\u00bb][vc_custom_heading text=\u00bbSi tenim cura de la imatge interior dels nostres habitatges i oficines, tamb\u00e9 cal conservar l&#8217;estat original dels immobles. Per aix\u00f2, a Drisanet tenim la soluci\u00f3 adequada per a cada estil arquitect\u00f2nic. Des d&#8217;edificis cl\u00e0ssics on els materials requereixen una cura especial, fins a les modernes estructures de vidre i acer. I tan important \u00e9s conservar el bon estat exterior de l&#8217;immoble com tota la zona interior i comunit\u00e0ria. Per aix\u00f2 a Drisanet ens ocupem de mantenir les escales i zones comunit\u00e0ries netes i desinfectades per a les comunitats de propietaris.\u00bb font_container=\u00bbtag:p|font_size:15.4px|text_align:center\u00bb use_theme_fonts=\u00bbyes\u00bb animation_delay=\u00bb500&#8243; animation_type=\u00bbfadeInUp\u00bb el_class=\u00bbm-b-lg\u00bb][\/vc_column][vc_column animation_delay=\u00bb1000&#8243; el_class=\u00bbtext-center\u00bb animation_type=\u00bbfadeInUp\u00bb][vc_column_text]<\/p>\n<h2>Altres Serveis<\/h2>\n<p>[\/vc_column_text][vc_row_inner gap=\u00bb20&#8243; el_class=\u00bbjustify-content-center text-start p-b-sm mb-4&#8243;][vc_column_inner el_class=\u00bbcustom-service-item custom-link-hover-effects custom-box-shadow-2 m-b-xs\u00bb width=\u00bb1\/2&#8243; offset=\u00bbvc_col-md-4 vc_col-xs-9&#8243;]<a class=\"porto-sicon-box-link\" href=\"https:\/\/www.drisanet.com\/?page_id=787&#038;lang=ca\" title='Neteja d&#039;empreses'><div class=\"porto-sicon-box svg-fill-color-primary custom-crooked-line mb-0  wpb_custom_1efe903570d178ff0a9b7bfa5febd3a4 style_1 default-icon\"><div class=\"porto-sicon-default\"><div id=\"porto-icon-50519720369e1b18514a4c\" class=\"porto-just-icon-wrapper porto-sicon-img\" style=\"font-size: 393px;\"><img class=\"img-icon\" alt=\"\" src=\"https:\/\/www.drisanet.com\/wp-content\/uploads\/2021\/12\/empresas.png\" width=\"393\" height=\"205\" \/><\/div><\/div><div class=\"porto-sicon-header\"><h3 class=\"porto-sicon-title\" style=\"font-weight:600;font-size:25.2px;line-height:27px;letter-spacing:-0.05em;\">Neteja d'empreses i vidres<\/h3><\/div> <!-- header --><\/div><!-- porto-sicon-box --><\/a><a class=\"porto-sicon-box-link\" href=\"https:\/\/www.drisanet.com\/?page_id=787&#038;lang=ca\" title='Neteja d&#039;empreses'><div class=\"porto-sicon-box  vc_custom_1640009776698 mb-0 bg-white  wpb_custom_1efe903570d178ff0a9b7bfa5febd3a4 style_1 heading-right-icon\"><div class=\"porto-sicon-header\"><p style=\"color:#777777;\">sales de reunions, despatxos, taules de treball i ordinadors, fins a la recepci\u00f3 i el staff<\/p><\/div> <!-- header --><div class=\"porto-sicon-heading-right\" ><div class=\"porto-just-icon-wrapper porto-icon none\" style=\"color:#8c2fa1;font-size:35px;\"><i class=\"porto-icon-long-arrow-alt\"><\/i><\/div><\/div><\/div><!-- porto-sicon-box --><\/a>[\/vc_column_inner][vc_column_inner el_class=\u00bbcustom-service-item custom-link-hover-effects custom-box-shadow-2 m-b-xs\u00bb width=\u00bb1\/2&#8243; offset=\u00bbvc_col-md-4 vc_col-xs-9&#8243;]<a class=\"porto-sicon-box-link\" href=\"https:\/\/www.drisanet.com\/?page_id=789&#038;lang=ca\" title='Neteja de fa\u00e7anes i comunitats'><div class=\"porto-sicon-box svg-fill-color-primary custom-crooked-line mb-0  wpb_custom_1efe903570d178ff0a9b7bfa5febd3a4 style_1 default-icon\"><div class=\"porto-sicon-default\"><div id=\"porto-icon-152690921369e1b1851592b\" class=\"porto-just-icon-wrapper porto-sicon-img\" style=\"font-size: 393px;\"><img class=\"img-icon\" alt=\"\" src=\"https:\/\/www.drisanet.com\/wp-content\/uploads\/2021\/12\/fachadas.png\" width=\"393\" height=\"205\" \/><\/div><\/div><div class=\"porto-sicon-header\"><h3 class=\"porto-sicon-title\" style=\"font-weight:600;font-size:25.2px;line-height:27px;letter-spacing:-0.05em;\">Neteja de fa\u00e7anes i comunitats<\/h3><\/div> <!-- header --><\/div><!-- porto-sicon-box --><\/a><a class=\"porto-sicon-box-link\" href=\"https:\/\/www.drisanet.com\/?page_id=789&#038;lang=ca\" title='Neteja de fa\u00e7anes i comunitats'><div class=\"porto-sicon-box  vc_custom_1640009877937 mb-0 bg-white  wpb_custom_1efe903570d178ff0a9b7bfa5febd3a4 style_1 heading-right-icon\"><div class=\"porto-sicon-header\"><p style=\"color:#777777;\">Soluci\u00f3 adequada per a cada estil arquitect\u00f2nic, cl\u00e0ssic, modern o especial.<\/p><\/div> <!-- header --><div class=\"porto-sicon-heading-right\" ><div class=\"porto-just-icon-wrapper porto-icon none\" style=\"color:#8c2fa1;font-size:35px;\"><i class=\"porto-icon-long-arrow-alt\"><\/i><\/div><\/div><\/div><!-- porto-sicon-box --><\/a>[\/vc_column_inner][vc_column_inner el_class=\u00bbcustom-service-item custom-link-hover-effects custom-box-shadow-2 m-b-xs\u00bb width=\u00bb1\/2&#8243; offset=\u00bbvc_col-md-4 vc_col-xs-9&#8243;]<a class=\"porto-sicon-box-link\" href=\"https:\/\/www.drisanet.com\/?page_id=782&#038;lang=ca\" title='Neteja Centres Sanitaris i Escoles'><div class=\"porto-sicon-box svg-fill-color-primary custom-crooked-line mb-0  wpb_custom_1efe903570d178ff0a9b7bfa5febd3a4 style_1 default-icon\"><div class=\"porto-sicon-default\"><div id=\"porto-icon-152255152569e1b185166c2\" class=\"porto-just-icon-wrapper porto-sicon-img\" style=\"font-size: 393px;\"><img class=\"img-icon\" alt=\"\" src=\"https:\/\/www.drisanet.com\/wp-content\/uploads\/2021\/12\/centros.png\" width=\"393\" height=\"205\" \/><\/div><\/div><div class=\"porto-sicon-header\"><h3 class=\"porto-sicon-title\" style=\"font-weight:600;font-size:25.2px;line-height:27px;letter-spacing:-0.05em;\">Neteja de Centres<\/h3><\/div> <!-- header --><\/div><!-- porto-sicon-box --><\/a><a class=\"porto-sicon-box-link\" href=\"https:\/\/www.drisanet.com\/?page_id=782&#038;lang=ca\" title='Neteja Centres Sanitaris i Escoles'><div class=\"porto-sicon-box  vc_custom_1640009956003 mb-0 bg-white  wpb_custom_1efe903570d178ff0a9b7bfa5febd3a4 style_1 heading-right-icon\"><div class=\"porto-sicon-header\"><p style=\"color:#777777;\">Hospitals, Centres Soci Sanitaris, Cl\u00edniques, Resid\u00e8ncies i Centres Escolars<\/p><\/div> <!-- header --><div class=\"porto-sicon-heading-right\" ><div class=\"porto-just-icon-wrapper porto-icon none\" style=\"color:#8c2fa1;font-size:35px;\"><i class=\"porto-icon-long-arrow-alt\"><\/i><\/div><\/div><\/div><!-- porto-sicon-box --><\/a>[\/vc_column_inner][vc_column_inner el_class=\u00bbcustom-service-item custom-link-hover-effects custom-box-shadow-2 m-b-xs\u00bb width=\u00bb1\/2&#8243; offset=\u00bbvc_col-md-4 vc_col-xs-9&#8243;]<a class=\"porto-sicon-box-link\" href=\"https:\/\/www.drisanet.com\/?page_id=785&#038;lang=ca\" title='Neteja comer\u00e7os'><div class=\"porto-sicon-box svg-fill-color-primary custom-crooked-line mb-0  wpb_custom_1efe903570d178ff0a9b7bfa5febd3a4 style_1 default-icon\"><div class=\"porto-sicon-default\"><div id=\"porto-icon-64588711669e1b185173c9\" class=\"porto-just-icon-wrapper porto-sicon-img\" style=\"font-size: 393px;\"><img class=\"img-icon\" alt=\"\" src=\"https:\/\/www.drisanet.com\/wp-content\/uploads\/2021\/12\/comerciales.png\" width=\"393\" height=\"205\" \/><\/div><\/div><div class=\"porto-sicon-header\"><h3 class=\"porto-sicon-title\" style=\"font-weight:600;font-size:25.2px;line-height:27px;letter-spacing:-0.05em;\">Neteja de Comer\u00e7os<\/h3><\/div> <!-- header --><\/div><!-- porto-sicon-box --><\/a><a class=\"porto-sicon-box-link\" href=\"https:\/\/www.drisanet.com\/?page_id=785&#038;lang=ca\"><div class=\"porto-sicon-box  vc_custom_1640010037553 mb-0 bg-white  wpb_custom_1efe903570d178ff0a9b7bfa5febd3a4 style_1 heading-right-icon\"><div class=\"porto-sicon-header\"><p style=\"color:#777777;\">Des de grans superf\u00edcies comercials, fins als m\u00e9s petits locals<\/p><\/div> <!-- header --><div class=\"porto-sicon-heading-right\" ><div class=\"porto-just-icon-wrapper porto-icon none\" style=\"color:#8c2fa1;font-size:35px;\"><i class=\"porto-icon-long-arrow-alt\"><\/i><\/div><\/div><\/div><!-- porto-sicon-box --><\/a>[\/vc_column_inner][vc_column_inner el_class=\u00bbcustom-service-item custom-link-hover-effects custom-box-shadow-2 m-b-xs\u00bb width=\u00bb1\/2&#8243; offset=\u00bbvc_col-md-4 vc_col-xs-9&#8243;]<a class=\"porto-sicon-box-link\" href=\"https:\/\/www.drisanet.com\/?page_id=791&#038;lang=ca\" title='Neteja fi d&#039;obra'><div class=\"porto-sicon-box svg-fill-color-primary custom-crooked-line mb-0  wpb_custom_1efe903570d178ff0a9b7bfa5febd3a4 style_1 default-icon\"><div class=\"porto-sicon-default\"><div id=\"porto-icon-84479403869e1b18518188\" class=\"porto-just-icon-wrapper porto-sicon-img\" style=\"font-size: 393px;\"><img class=\"img-icon\" alt=\"\" src=\"https:\/\/www.drisanet.com\/wp-content\/uploads\/2021\/12\/finobra.png\" width=\"393\" height=\"205\" \/><\/div><\/div><div class=\"porto-sicon-header\"><h3 class=\"porto-sicon-title\" style=\"font-weight:600;font-size:25.2px;line-height:27px;letter-spacing:-0.05em;\">Neteja Fi d'obra<\/h3><\/div> <!-- header --><\/div><!-- porto-sicon-box --><\/a><a class=\"porto-sicon-box-link\" href=\"https:\/\/www.drisanet.com\/?page_id=791&#038;lang=ca\" title='Neteja Fi d&#039;obra'><div class=\"porto-sicon-box  vc_custom_1640010104509 mb-0 bg-white  wpb_custom_1efe903570d178ff0a9b7bfa5febd3a4 style_1 heading-right-icon\"><div class=\"porto-sicon-header\"><p style=\"color:#777777;\">Estrena habitatge en les condicions \u00f2ptimes d'higiene i neteja, ens encarreguem de tot<\/p><\/div> <!-- header --><div class=\"porto-sicon-heading-right\" ><div class=\"porto-just-icon-wrapper porto-icon none\" style=\"color:#8c2fa1;font-size:35px;\"><i class=\"porto-icon-long-arrow-alt\"><\/i><\/div><\/div><\/div><!-- porto-sicon-box --><\/a>[\/vc_column_inner][vc_column_inner el_class=\u00bbcustom-service-item custom-link-hover-effects custom-box-shadow-2 m-b-xs\u00bb width=\u00bb1\/2&#8243; offset=\u00bbvc_col-md-4 vc_col-xs-9&#8243;]<a class=\"porto-sicon-box-link\" href=\"https:\/\/www.drisanet.com\/?page_id=790&#038;lang=ca\" title='Neteja Check-in Chexk-out'><div class=\"porto-sicon-box svg-fill-color-primary custom-crooked-line mb-0  wpb_custom_1efe903570d178ff0a9b7bfa5febd3a4 style_1 default-icon\"><div class=\"porto-sicon-default\"><div id=\"porto-icon-122550398869e1b18519109\" class=\"porto-just-icon-wrapper porto-sicon-img\" style=\"font-size: 393px;\"><img class=\"img-icon\" alt=\"\" src=\"https:\/\/www.drisanet.com\/wp-content\/uploads\/2021\/12\/chekinoyt.png\" width=\"393\" height=\"205\" \/><\/div><\/div><div class=\"porto-sicon-header\"><h3 class=\"porto-sicon-title\" style=\"font-weight:600;font-size:25.2px;line-height:27px;letter-spacing:-0.05em;\">Neteja Chek-in Chek-out<\/h3><\/div> <!-- header --><\/div><!-- porto-sicon-box --><\/a><a class=\"porto-sicon-box-link\" href=\"https:\/\/www.drisanet.com\/?page_id=790&#038;lang=ca\" title='Neteja Check-in Chexk-out'><div class=\"porto-sicon-box  vc_custom_1640010198985 mb-0 bg-white  wpb_custom_1efe903570d178ff0a9b7bfa5febd3a4 style_1 heading-right-icon\"><div class=\"porto-sicon-header\"><p style=\"color:#777777;\">Netejar i higienitzar els habitatges i les zones comuns a cada canvi d'inquili<\/p><\/div> <!-- header --><div class=\"porto-sicon-heading-right\" ><div class=\"porto-just-icon-wrapper porto-icon none\" style=\"color:#8c2fa1;font-size:35px;\"><i class=\"porto-icon-long-arrow-alt\"><\/i><\/div><\/div><\/div><!-- porto-sicon-box --><\/a>[\/vc_column_inner][\/vc_row_inner][\/vc_column][\/vc_row][vc_row wrap_container=\u00bbyes\u00bb css=\u00bb.vc_custom_1613432962838{padding-top: 50px !important;padding-bottom: 114px !important;background-color: #212529 !important;}\u00bb el_class=\u00bbposition-relative overflow-hidden custom-banner-size\u00bb][vc_column el_class=\u00bbposition-static pb-5 mb-5&#8243;][vc_raw_html el_class=\u00bbshape-divider shape-divider-reverse h-102 z-index-3&#8243;]JTNDc3ZnJTIwdmVyc2lvbiUzRCUyMjEuMSUyMiUyMHhtbG5zJTNEJTIyaHR0cCUzQSUyRiUyRnd3dy53My5vcmclMkYyMDAwJTJGc3ZnJTIyJTIweG1sbnMlM0F4bGluayUzRCUyMmh0dHAlM0ElMkYlMkZ3d3cudzMub3JnJTJGMTk5OSUyRnhsaW5rJTIyJTIweCUzRCUyMjBweCUyMiUyMHklM0QlMjIwcHglMjIlMjB2aWV3Qm94JTNEJTIyMCUyMDAlMjAxOTIwJTIwMTAyJTIyJTIwcHJlc2VydmVBc3BlY3RSYXRpbyUzRCUyMm5vbmUlMjIlM0UlMEElMjAlMjAlMjAlMjAlM0Nwb2x5Z29uJTIwZmlsbCUzRCUyMiUyM0YzRjNGMyUyMiUyMHBvaW50cyUzRCUyMjAlMkM2NSUyMDIyMCUyQzM1JTIwNTYyJTJDNjMlMjA5MzElMkMxMCUyMDE0MTAlMkM2OCUyMDE5MjAlMkMxNiUyMDE5MjAlMkMxMDMlMjAwJTJDMTAzJTIwJTIyJTNFJTNDJTJGcG9seWdvbiUzRSUwQSUyMCUyMCUyMCUyMCUzQ3BvbHlnb24lMjBmaWxsJTNEJTIyJTIzRkZGJTIyJTIwcG9pbnRzJTNEJTIyMCUyQzgyJTIwMjE5JTJDNTElMjA1NjIlMkM3OCUyMDkzMSUyQzI2JTIwMTQwOSUyQzgzJTIwMTkyMCUyQzMyJTIwMTkyMCUyQzEwMyUyMDAlMkMxMDMlMjAlMjIlM0UlM0MlMkZwb2x5Z29uJTNFJTBBJTNDJTJGc3ZnJTNF[\/vc_raw_html][\/vc_column][vc_column width=\u00bb7\/12&#8243; el_class=\u00bbpy-4 my-2 ms-md-3 ms-lg-0&#8243; offset=\u00bbvc_col-md-8&#8243;][vc_custom_heading text=\u00bb<strong>SOL\u00b7LICITI INFORMACI\u00d3<\/strong>\u00bb font_container=\u00bbtag:h4|font_size:16.8px|text_align:left|line_height:1.5&#8243; use_theme_fonts=\u00bbyes\u00bb letter_spacing=\u00bb2.5px\u00bb animation_delay=\u00bb100&#8243; el_class=\u00bbcustom-highlight-1 custom-weight-1 text-primary mb-2&#8243; animation_type=\u00bbfadeInUp\u00bb][vc_custom_heading text=\u00bbEnvieu-nos un missatge i conegueu m\u00e9s sobre els nostres serveis\u00bb font_container=\u00bbtag:h3|font_size:35px|text_align:left|line_height:1.3&#8243; use_theme_fonts=\u00bbyes\u00bb font_weight=\u00bb500&#8243; letter_spacing=\u00bb0&#8243; animation_delay=\u00bb250&#8243; el_class=\u00bbtext-white mb-3 pb-1&#8243; animation_type=\u00bbfadeInUp\u00bb][vc_custom_heading text=\u00bbContacta amb nosaltres i demana&#8217;ns un pressupost sense comprom\u00eds. Et respondrem en menys de 24 hores.\u00bb font_container=\u00bbtag:p|font_size:15.4px|text_align:left\u00bb use_theme_fonts=\u00bbyes\u00bb animation_delay=\u00bb500&#8243; animation_type=\u00bbfadeInUp\u00bb el_class=\u00bbpb-3 mb-4&#8243;]<div role=\"form\" class=\"wpcf7\" id=\"wpcf7-f324-o1\" lang=\"es-ES\" dir=\"ltr\">\n<div class=\"screen-reader-response\"><p role=\"status\" aria-live=\"polite\" aria-atomic=\"true\"><\/p> <ul><\/ul><\/div>\n<form action=\"\/index.php?rest_route=%2Fwp%2Fv2%2Fpages%2F789#wpcf7-f324-o1\" method=\"post\" class=\"wpcf7-form init\" novalidate=\"novalidate\" data-status=\"init\">\n<div style=\"display: none;\">\n<input type=\"hidden\" name=\"_wpcf7\" value=\"324\" \/>\n<input type=\"hidden\" name=\"_wpcf7_version\" value=\"5.6.3\" \/>\n<input type=\"hidden\" name=\"_wpcf7_locale\" value=\"es_ES\" \/>\n<input type=\"hidden\" name=\"_wpcf7_unit_tag\" value=\"wpcf7-f324-o1\" \/>\n<input type=\"hidden\" name=\"_wpcf7_container_post\" value=\"0\" \/>\n<input type=\"hidden\" name=\"_wpcf7_posted_data_hash\" value=\"\" \/>\n<input type=\"hidden\" name=\"_wpcf7_recaptcha_response\" value=\"\" \/>\n<\/div>\n<div class=\"mb-3\">\n    <span class=\"wpcf7-form-control-wrap\" data-name=\"text-771\"><input type=\"text\" name=\"text-771\" value=\"\" size=\"40\" class=\"wpcf7-form-control wpcf7-text wpcf7-validates-as-required form-control\" aria-required=\"true\" aria-invalid=\"false\" placeholder=\"* Nombre\" \/><\/span>\n<\/div>\n<div class=\"mb-3\">\n    <span class=\"wpcf7-form-control-wrap\" data-name=\"email-406\"><input type=\"email\" name=\"email-406\" value=\"\" size=\"40\" class=\"wpcf7-form-control wpcf7-text wpcf7-email wpcf7-validates-as-required wpcf7-validates-as-email form-control\" aria-required=\"true\" aria-invalid=\"false\" placeholder=\"* Email\" \/><\/span>\n<\/div>\n<div class=\"mb-3\">\n    <span class=\"wpcf7-form-control-wrap\" data-name=\"tel-721\"><input type=\"tel\" name=\"tel-721\" value=\"\" size=\"40\" class=\"wpcf7-form-control wpcf7-text wpcf7-tel wpcf7-validates-as-required wpcf7-validates-as-tel form-control\" aria-required=\"true\" aria-invalid=\"false\" placeholder=\"* Tel\u00e9fono\" \/><\/span>\n<\/div>\n<div class=\"m-b-xl\">\n    <span class=\"wpcf7-form-control-wrap\" data-name=\"textarea-824\"><textarea name=\"textarea-824\" cols=\"40\" rows=\"10\" class=\"wpcf7-form-control wpcf7-textarea wpcf7-validates-as-required form-control\" aria-required=\"true\" aria-invalid=\"false\" placeholder=\"* Mensaje\"><\/textarea><\/span>\n<\/div>\n<div class=\"custom-btn-style-1 custom-btn-primary d-inline-block\">\n    <input type=\"submit\" value=\"Enviar\" class=\"wpcf7-form-control has-spinner wpcf7-submit font-weight-semibold btn-primary\" \/>\n<\/div>\n<div class=\"wpcf7-response-output\" aria-hidden=\"true\"><\/div><\/form><\/div>[\/vc_column][vc_column width=\u00bb1\/2&#8243; el_class=\u00bboverlay-color-primary custom-overlay custom-contact h-100 d-none d-md-block\u00bb css=\u00bb.vc_custom_1613432624467{background-image: url(\/\/sw-themes.com\/porto_dummy\/wp-content\/uploads\/2021\/02\/background-2.jpg?id=318) !important;background-position: center !important;background-repeat: no-repeat !important;background-size: cover !important;}\u00bb][\/vc_column][\/vc_row]<\/p>\n","protected":false},"excerpt":{"rendered":"<p>[vc_row wrap_container=\u00bbyes\u00bb el_class=\u00bbposition-relative pt-3 mt-4&#8243;][vc_column offset=\u00bbvc_col-lg-10 vc_col-md-11&#8243; el_class=\u00bbmx-auto\u00bb][vc_custom_heading text=\u00bbSi tenim cura de la imatge interior dels nostres habitatges i oficines, tamb\u00e9 cal conservar l&#8217;estat original dels immobles. Per aix\u00f2, a Drisanet tenim la soluci\u00f3 adequada per a cada estil arquitect\u00f2nic. Des d&#8217;edificis cl\u00e0ssics on els materials requereixen una cura especial, fins a les modernes estructures [&hellip;]<\/p>\n","protected":false},"author":1,"featured_media":0,"parent":0,"menu_order":0,"comment_status":"closed","ping_status":"closed","template":"","meta":[],"_links":{"self":[{"href":"https:\/\/www.drisanet.com\/index.php?rest_route=\/wp\/v2\/pages\/789"}],"collection":[{"href":"https:\/\/www.drisanet.com\/index.php?rest_route=\/wp\/v2\/pages"}],"about":[{"href":"https:\/\/www.drisanet.com\/index.php?rest_route=\/wp\/v2\/types\/page"}],"author":[{"embeddable":true,"href":"https:\/\/www.drisanet.com\/index.php?rest_route=\/wp\/v2\/users\/1"}],"replies":[{"embeddable":true,"href":"https:\/\/www.drisanet.com\/index.php?rest_route=%2Fwp%2Fv2%2Fcomments&post=789"}],"version-history":[{"count":4,"href":"https:\/\/www.drisanet.com\/index.php?rest_route=\/wp\/v2\/pages\/789\/revisions"}],"predecessor-version":[{"id":849,"href":"https:\/\/www.drisanet.com\/index.php?rest_route=\/wp\/v2\/pages\/789\/revisions\/849"}],"wp:attachment":[{"href":"https:\/\/www.drisanet.com\/index.php?rest_route=%2Fwp%2Fv2%2Fmedia&parent=789"}],"curies":[{"name":"wp","href":"https:\/\/api.w.org\/{rel}","templated":true}]}}