{"id":11,"date":"2021-02-10T02:33:27","date_gmt":"2021-02-10T02:33:27","guid":{"rendered":"http:\/\/sw-themes.com\/porto_dummy\/?page_id=11"},"modified":"2022-01-02T11:58:27","modified_gmt":"2022-01-02T11:58:27","slug":"about-us","status":"publish","type":"page","link":"https:\/\/www.drisanet.com\/?page_id=11","title":{"rendered":"Nosotros"},"content":{"rendered":"<p>[vc_row wrap_container=\u00bbyes\u00bb el_class=\u00bbpt-3 mt-4&#8243;][vc_column][vc_custom_heading text=\u00bbDrisanet est\u00e1 formada por profesionales a los que les apasiona el trabajo bien hecho. Nuestro objetivo es trabajar como si fu\u00e9ramos uno m\u00e1s del equipo de la empresa, adapt\u00e1ndonos a las necesidades de cada organizaci\u00f3n, y dando resultados visibles desde el primer momento\u00bb font_container=\u00bbtag:h2|font_size:35px|text_align:left|line_height:1.3&#8243; use_theme_fonts=\u00bbyes\u00bb letter_spacing=\u00bb-1.75px\u00bb animation_delay=\u00bb250&#8243; el_class=\u00bbtext-transform-none font-weight-semibold mb-4 mb-lg-3 mb-xl-4&#8243; animation_type=\u00bbfadeInUp\u00bb][vc_custom_heading text=\u00bbProfesionales con muchos a\u00f1os de experiencia y siempre ofreciendo la calidad m\u00e1s alta en todos nuestros trabajos, es por ello que todos nuestros clientes confian plenamente en nuetra forma de trabajar.\u00bb font_container=\u00bbtag:p|font_size:15.4px|text_align:left\u00bb use_theme_fonts=\u00bbyes\u00bb animation_delay=\u00bb500&#8243; animation_type=\u00bbfadeInUp\u00bb][\/vc_column][\/vc_row][vc_row gap=\u00bb20&#8243; content_placement=\u00bbmiddle\u00bb wrap_container=\u00bbyes\u00bb el_class=\u00bbm-b-lg pb-2&#8243;][vc_column offset=\u00bbvc_col-lg-7 vc_col-md-6&#8243;][vc_row_inner content_placement=\u00bbmiddle\u00bb el_class=\u00bbcustom-gutter-sm\u00bb][vc_column_inner el_class=\u00bbcol-auto\u00bb width=\u00bb1\/2&#8243; animation_delay=\u00bb1000&#8243; offset=\u00bbvc_col-xs-12&#8243; animation_type=\u00bbfadeInLeft\u00bb]<div class=\"porto-sicon-box mb-0 custom-info-style  wpb_custom_1efe903570d178ff0a9b7bfa5febd3a4 style_1 default-icon\"><div class=\"porto-sicon-default\"><div id=\"porto-icon-191534682669e18ac38f1c4\" class=\"porto-just-icon-wrapper porto-sicon-img\" style=\"font-size: 63px;margin-right:16px;\"><img class=\"img-icon\" alt=\"\" src=\"https:\/\/www.drisanet.com\/wp-content\/uploads\/2021\/02\/p-icon.jpg\" width=\"63\" height=\"63\" \/><\/div><\/div><div class=\"porto-sicon-header\"><h3 class=\"porto-sicon-title\" style=\"font-weight:700;font-size:38.5px;line-height:26px;letter-spacing:0;color:#212529;margin-bottom:0px;\">240+<\/h3><p style=\"font-weight:700;font-size:14px;line-height:26px;color:#212529;\">Clientes Satisfechos<\/p><\/div> <!-- header --><\/div><!-- porto-sicon-box -->[\/vc_column_inner][vc_column_inner el_class=\u00bbp-l-sm p-r-sm\u00bb width=\u00bb2\/3&#8243; animation_delay=\u00bb1200&#8243; offset=\u00bbvc_col-xs-12&#8243; animation_type=\u00bbfadeInLeft\u00bb][vc_custom_heading text=\u00bbServicios de limpieza en empresas, comunidades, instituciones y limpiezas especiales.\u00bb font_container=\u00bbtag:p|text_align:left\u00bb use_theme_fonts=\u00bbyes\u00bb el_class=\u00bbmb-0&#8243; css=\u00bb.vc_custom_1638875570346{border-left-width: 12px !important;padding-top: 4px !important;padding-right: 16px !important;padding-bottom: 8px !important;padding-left: 16px !important;border-left-color: #f3f3f3 !important;border-left-style: solid !important;}\u00bb][\/vc_column_inner][\/vc_row_inner][\/vc_column][vc_column offset=\u00bbvc_col-lg-5 vc_col-md-6&#8243; el_class=\u00bbcustom-gutter-sm\u00bb][vc_btn title=\u00bbContacto\u00bb skin=\u00bbdark\u00bb btn_fs=\u00bb0.9625rem\u00bb btn_fw=\u00bb600&#8243; btn_ls=\u00bb0&#8243; animation_delay=\u00bb1600&#8243; link=\u00bburl:https%3A%2F%2Fwww.drisanet.com%2F%3Fpage_id%3D149|title:Contacto\u00bb el_class=\u00bbcustom-btn-style-1 mb-0 col-auto\u00bb btn_px=\u00bb20px\u00bb btn_py=\u00bb12px\u00bb animation_type=\u00bbfadeInLeft\u00bb]<a class=\"porto-sicon-box-link\" href=\"tel:+34630037686\"><div class=\"porto-sicon-box col-auto mb-0 text-color-hover-primary mt-4 mt-sm-0  wpb_custom_1efe903570d178ff0a9b7bfa5febd3a4 style_1 default-icon\" data-appear-animation=\"fadeInLeft\" data-appear-animation-delay=\"1800\"><div class=\"porto-sicon-default\"><div class=\"porto-just-icon-wrapper porto-icon none\" style=\"color:#212529;font-size:25px;margin-right:8px;\"><i class=\"porto-icon-phone-call\"><\/i><\/div><\/div><div class=\"porto-sicon-header\"><h3 class=\"porto-sicon-title\" style=\"font-weight:600;font-size:14px;letter-spacing:0;color:#212529;\">630 037 686<\/h3><\/div> <!-- header --><\/div><!-- porto-sicon-box --><\/a>[\/vc_column][\/vc_row][vc_row wrap_container=\u00bbyes\u00bb el_class=\u00bbposition-relative pt-3 mt-4&#8243; css=\u00bb.vc_custom_1638876255457{background-image: url(https:\/\/www.drisanet.com\/wp-content\/uploads\/2021\/12\/background-6.jpg?id=666) !important;background-position: center !important;background-repeat: no-repeat !important;background-size: cover !important;}\u00bb][vc_column animation_delay=\u00bb1000&#8243; el_class=\u00bbtext-center\u00bb animation_type=\u00bbfadeInUp\u00bb][vc_column_text]<\/p>\n<h2>Nuestros Servicios<\/h2>\n<p>[\/vc_column_text][vc_row_inner gap=\u00bb20&#8243; el_class=\u00bbjustify-content-center text-start p-b-sm mb-4&#8243;][vc_column_inner el_class=\u00bbcustom-service-item custom-link-hover-effects custom-box-shadow-2 m-b-xs\u00bb width=\u00bb1\/2&#8243; offset=\u00bbvc_col-md-4 vc_col-xs-9&#8243;]<a class=\"porto-sicon-box-link\" href=\"https:\/\/www.drisanet.com\/?page_id=601\" title='Limpieza de Empresas y Cristales'><div class=\"porto-sicon-box svg-fill-color-primary custom-crooked-line mb-0  wpb_custom_1efe903570d178ff0a9b7bfa5febd3a4 style_1 default-icon\"><div class=\"porto-sicon-default\"><div id=\"porto-icon-134818143269e18ac3904bb\" class=\"porto-just-icon-wrapper porto-sicon-img\" style=\"font-size: 393px;\"><img class=\"img-icon\" alt=\"\" src=\"https:\/\/www.drisanet.com\/wp-content\/uploads\/2021\/12\/empresas.png\" width=\"393\" height=\"205\" \/><\/div><\/div><div class=\"porto-sicon-header\"><h3 class=\"porto-sicon-title\" style=\"font-weight:600;font-size:25.2px;line-height:27px;letter-spacing:-0.05em;\">Limpieza de Empresas y Cristales<\/h3><\/div> <!-- header --><\/div><!-- porto-sicon-box --><\/a><a class=\"porto-sicon-box-link\" href=\"https:\/\/www.drisanet.com\/?page_id=601\" title='Limpieza de Empresas'><div class=\"porto-sicon-box  vc_custom_1638460324385 mb-0 bg-white  wpb_custom_1efe903570d178ff0a9b7bfa5febd3a4 style_1 heading-right-icon\"><div class=\"porto-sicon-header\"><p style=\"color:#777777;\">salas de reuniones, despachos, mesas de trabajo y ordenadores, hasta la recepci\u00f3n y el staff<\/p><\/div> <!-- header --><div class=\"porto-sicon-heading-right\" ><div class=\"porto-just-icon-wrapper porto-icon none\" style=\"color:#8c2fa1;font-size:35px;\"><i class=\"porto-icon-long-arrow-alt\"><\/i><\/div><\/div><\/div><!-- porto-sicon-box --><\/a>[\/vc_column_inner][vc_column_inner el_class=\u00bbcustom-service-item custom-link-hover-effects custom-box-shadow-2 m-b-xs\u00bb width=\u00bb1\/2&#8243; offset=\u00bbvc_col-md-4 vc_col-xs-9&#8243;]<a class=\"porto-sicon-box-link\" href=\"https:\/\/www.drisanet.com\/?page_id=606\" title='Limpieza de fachadas y Comunidades'><div class=\"porto-sicon-box svg-fill-color-primary custom-crooked-line mb-0  wpb_custom_1efe903570d178ff0a9b7bfa5febd3a4 style_1 default-icon\"><div class=\"porto-sicon-default\"><div id=\"porto-icon-90799069e18ac3915f1\" class=\"porto-just-icon-wrapper porto-sicon-img\" style=\"font-size: 393px;\"><img class=\"img-icon\" alt=\"\" src=\"https:\/\/www.drisanet.com\/wp-content\/uploads\/2021\/12\/fachadas.png\" width=\"393\" height=\"205\" \/><\/div><\/div><div class=\"porto-sicon-header\"><h3 class=\"porto-sicon-title\" style=\"font-weight:600;font-size:25.2px;line-height:27px;letter-spacing:-0.05em;\">Limpieza de fachadas y Comunidades<\/h3><\/div> <!-- header --><\/div><!-- porto-sicon-box --><\/a><a class=\"porto-sicon-box-link\" href=\"https:\/\/www.drisanet.com\/?page_id=606\" title='Limpieza de fachadas y comunidades'><div class=\"porto-sicon-box  vc_custom_1638461652332 mb-0 bg-white  wpb_custom_1efe903570d178ff0a9b7bfa5febd3a4 style_1 heading-right-icon\"><div class=\"porto-sicon-header\"><p style=\"color:#777777;\">Soluci\u00f3n adecuada para cada estilo arquitect\u00f3nico, cl\u00e1sico, moderno o especial.<\/p><\/div> <!-- header --><div class=\"porto-sicon-heading-right\" ><div class=\"porto-just-icon-wrapper porto-icon none\" style=\"color:#8c2fa1;font-size:35px;\"><i class=\"porto-icon-long-arrow-alt\"><\/i><\/div><\/div><\/div><!-- porto-sicon-box --><\/a>[\/vc_column_inner][vc_column_inner el_class=\u00bbcustom-service-item custom-link-hover-effects custom-box-shadow-2 m-b-xs\u00bb width=\u00bb1\/2&#8243; offset=\u00bbvc_col-md-4 vc_col-xs-9&#8243;]<a class=\"porto-sicon-box-link\" href=\"https:\/\/www.drisanet.com\/?page_id=608\" title='Limpieza de Comercios, Centros Comerciales y Locales'><div class=\"porto-sicon-box svg-fill-color-primary custom-crooked-line mb-0  wpb_custom_1efe903570d178ff0a9b7bfa5febd3a4 style_1 default-icon\"><div class=\"porto-sicon-default\"><div id=\"porto-icon-186135916069e18ac392773\" class=\"porto-just-icon-wrapper porto-sicon-img\" style=\"font-size: 393px;\"><img class=\"img-icon\" alt=\"\" src=\"https:\/\/www.drisanet.com\/wp-content\/uploads\/2021\/12\/centros.png\" width=\"393\" height=\"205\" \/><\/div><\/div><div class=\"porto-sicon-header\"><h3 class=\"porto-sicon-title\" style=\"font-weight:600;font-size:25.2px;line-height:27px;letter-spacing:-0.05em;\">Limpieza de Centros<\/h3><\/div> <!-- header --><\/div><!-- porto-sicon-box --><\/a><a class=\"porto-sicon-box-link\" href=\"https:\/\/www.drisanet.com\/?page_id=608\" title='Limpieza de Centros Sanitarios y Centros Escolares'><div class=\"porto-sicon-box  vc_custom_1641124639270 mb-0 bg-white  wpb_custom_1efe903570d178ff0a9b7bfa5febd3a4 style_1 heading-right-icon\"><div class=\"porto-sicon-header\"><p style=\"color:#777777;\">Hospitales, Centros Socio Sanitarios, Residencias y Centros Escolares<\/p><\/div> <!-- header --><div class=\"porto-sicon-heading-right\" ><div class=\"porto-just-icon-wrapper porto-icon none\" style=\"color:#8c2fa1;font-size:35px;\"><i class=\"porto-icon-long-arrow-alt\"><\/i><\/div><\/div><\/div><!-- porto-sicon-box --><\/a>[\/vc_column_inner][vc_column_inner el_class=\u00bbcustom-service-item custom-link-hover-effects custom-box-shadow-2 m-b-xs\u00bb width=\u00bb1\/2&#8243; offset=\u00bbvc_col-md-4 vc_col-xs-9&#8243;]<a class=\"porto-sicon-box-link\" href=\"https:\/\/www.drisanet.com\/?page_id=610\" title='Limpieza de Comercios, Centros Comerciales y Locales'><div class=\"porto-sicon-box svg-fill-color-primary custom-crooked-line mb-0  wpb_custom_1efe903570d178ff0a9b7bfa5febd3a4 style_1 default-icon\"><div class=\"porto-sicon-default\"><div id=\"porto-icon-75314145069e18ac3938dc\" class=\"porto-just-icon-wrapper porto-sicon-img\" style=\"font-size: 393px;\"><img class=\"img-icon\" alt=\"\" src=\"https:\/\/www.drisanet.com\/wp-content\/uploads\/2021\/12\/comerciales.png\" width=\"393\" height=\"205\" \/><\/div><\/div><div class=\"porto-sicon-header\"><h3 class=\"porto-sicon-title\" style=\"font-weight:600;font-size:25.2px;line-height:27px;letter-spacing:-0.05em;\">Limpieza de Comercios<\/h3><\/div> <!-- header --><\/div><!-- porto-sicon-box --><\/a><a class=\"porto-sicon-box-link\" href=\"https:\/\/www.drisanet.com\/?page_id=610\"><div class=\"porto-sicon-box  vc_custom_1641124688742 mb-0 bg-white  wpb_custom_1efe903570d178ff0a9b7bfa5febd3a4 style_1 heading-right-icon\"><div class=\"porto-sicon-header\"><p style=\"color:#777777;\">Desde grandes superficies comerciales, hasta los m\u00e1s peque\u00f1os locales<\/p><\/div> <!-- header --><div class=\"porto-sicon-heading-right\" ><div class=\"porto-just-icon-wrapper porto-icon none\" style=\"color:#8c2fa1;font-size:35px;\"><i class=\"porto-icon-long-arrow-alt\"><\/i><\/div><\/div><\/div><!-- porto-sicon-box --><\/a>[\/vc_column_inner][vc_column_inner el_class=\u00bbcustom-service-item custom-link-hover-effects custom-box-shadow-2 m-b-xs\u00bb width=\u00bb1\/2&#8243; offset=\u00bbvc_col-md-4 vc_col-xs-9&#8243;]<a class=\"porto-sicon-box-link\" href=\"https:\/\/www.drisanet.com\/?page_id=612\" title='Limpiezas Fin de Obra'><div class=\"porto-sicon-box svg-fill-color-primary custom-crooked-line mb-0  wpb_custom_1efe903570d178ff0a9b7bfa5febd3a4 style_1 default-icon\"><div class=\"porto-sicon-default\"><div id=\"porto-icon-2211762369e18ac394a4b\" class=\"porto-just-icon-wrapper porto-sicon-img\" style=\"font-size: 393px;\"><img class=\"img-icon\" alt=\"\" src=\"https:\/\/www.drisanet.com\/wp-content\/uploads\/2021\/12\/finobra.png\" width=\"393\" height=\"205\" \/><\/div><\/div><div class=\"porto-sicon-header\"><h3 class=\"porto-sicon-title\" style=\"font-weight:600;font-size:25.2px;line-height:27px;letter-spacing:-0.05em;\">Limpiezas Fin de Obra<\/h3><\/div> <!-- header --><\/div><!-- porto-sicon-box --><\/a><a class=\"porto-sicon-box-link\" href=\"https:\/\/www.drisanet.com\/?page_id=612\"><div class=\"porto-sicon-box  vc_custom_1641124697462 mb-0 bg-white  wpb_custom_1efe903570d178ff0a9b7bfa5febd3a4 style_1 heading-right-icon\"><div class=\"porto-sicon-header\"><p style=\"color:#777777;\">Estrena vivienda en las condiciones \u00f3ptimas de higiene y limpieza, nos encargamos de todo<\/p><\/div> <!-- header --><div class=\"porto-sicon-heading-right\" ><div class=\"porto-just-icon-wrapper porto-icon none\" style=\"color:#8c2fa1;font-size:35px;\"><i class=\"porto-icon-long-arrow-alt\"><\/i><\/div><\/div><\/div><!-- porto-sicon-box --><\/a>[\/vc_column_inner][vc_column_inner el_class=\u00bbcustom-service-item custom-link-hover-effects custom-box-shadow-2 m-b-xs\u00bb width=\u00bb1\/2&#8243; offset=\u00bbvc_col-md-4 vc_col-xs-9&#8243;]<a class=\"porto-sicon-box-link\" href=\"https:\/\/www.drisanet.com\/?page_id=614\" title='Limpiezas Chek-in Chek-out'><div class=\"porto-sicon-box svg-fill-color-primary custom-crooked-line mb-0  wpb_custom_1efe903570d178ff0a9b7bfa5febd3a4 style_1 default-icon\"><div class=\"porto-sicon-default\"><div id=\"porto-icon-53265845969e18ac395712\" class=\"porto-just-icon-wrapper porto-sicon-img\" style=\"font-size: 393px;\"><img class=\"img-icon\" alt=\"\" src=\"https:\/\/www.drisanet.com\/wp-content\/uploads\/2021\/12\/chekinoyt.png\" width=\"393\" height=\"205\" \/><\/div><\/div><div class=\"porto-sicon-header\"><h3 class=\"porto-sicon-title\" style=\"font-weight:600;font-size:25.2px;line-height:27px;letter-spacing:-0.05em;\">Limpiezas Chek-in Chek-out<\/h3><\/div> <!-- header --><\/div><!-- porto-sicon-box --><\/a><a class=\"porto-sicon-box-link\" href=\"https:\/\/www.drisanet.com\/?page_id=614\"><div class=\"porto-sicon-box  vc_custom_1641124705958 mb-0 bg-white  wpb_custom_1efe903570d178ff0a9b7bfa5febd3a4 style_1 heading-right-icon\"><div class=\"porto-sicon-header\"><p style=\"color:#777777;\">Limpiar e higienizar la viviendas y zonas comunes en cada cambio de inquilino<\/p><\/div> <!-- header --><div class=\"porto-sicon-heading-right\" ><div class=\"porto-just-icon-wrapper porto-icon none\" style=\"color:#8c2fa1;font-size:35px;\"><i class=\"porto-icon-long-arrow-alt\"><\/i><\/div><\/div><\/div><!-- porto-sicon-box --><\/a>[\/vc_column_inner][\/vc_row_inner][\/vc_column][\/vc_row][vc_row wrap_container=\u00bbyes\u00bb css=\u00bb.vc_custom_1613432962838{padding-top: 50px !important;padding-bottom: 114px !important;background-color: #212529 !important;}\u00bb el_class=\u00bbposition-relative overflow-hidden custom-banner-size\u00bb][vc_column el_class=\u00bbposition-static pb-5 mb-5&#8243;][vc_raw_html el_class=\u00bbshape-divider shape-divider-reverse h-102 z-index-3&#8243;]JTNDc3ZnJTIwdmVyc2lvbiUzRCUyMjEuMSUyMiUyMHhtbG5zJTNEJTIyaHR0cCUzQSUyRiUyRnd3dy53My5vcmclMkYyMDAwJTJGc3ZnJTIyJTIweG1sbnMlM0F4bGluayUzRCUyMmh0dHAlM0ElMkYlMkZ3d3cudzMub3JnJTJGMTk5OSUyRnhsaW5rJTIyJTIweCUzRCUyMjBweCUyMiUyMHklM0QlMjIwcHglMjIlMjB2aWV3Qm94JTNEJTIyMCUyMDAlMjAxOTIwJTIwMTAyJTIyJTIwcHJlc2VydmVBc3BlY3RSYXRpbyUzRCUyMm5vbmUlMjIlM0UlMEElMjAlMjAlMjAlMjAlM0Nwb2x5Z29uJTIwZmlsbCUzRCUyMiUyM0YzRjNGMyUyMiUyMHBvaW50cyUzRCUyMjAlMkM2NSUyMDIyMCUyQzM1JTIwNTYyJTJDNjMlMjA5MzElMkMxMCUyMDE0MTAlMkM2OCUyMDE5MjAlMkMxNiUyMDE5MjAlMkMxMDMlMjAwJTJDMTAzJTIwJTIyJTNFJTNDJTJGcG9seWdvbiUzRSUwQSUyMCUyMCUyMCUyMCUzQ3BvbHlnb24lMjBmaWxsJTNEJTIyJTIzRkZGJTIyJTIwcG9pbnRzJTNEJTIyMCUyQzgyJTIwMjE5JTJDNTElMjA1NjIlMkM3OCUyMDkzMSUyQzI2JTIwMTQwOSUyQzgzJTIwMTkyMCUyQzMyJTIwMTkyMCUyQzEwMyUyMDAlMkMxMDMlMjAlMjIlM0UlM0MlMkZwb2x5Z29uJTNFJTBBJTNDJTJGc3ZnJTNF[\/vc_raw_html][\/vc_column][vc_column width=\u00bb7\/12&#8243; el_class=\u00bbpy-4 my-2 ms-md-3 ms-lg-0&#8243; offset=\u00bbvc_col-md-8&#8243;][vc_custom_heading text=\u00bb<strong>SOLICITE INFORMACI\u00d3N<\/strong>\u00bb font_container=\u00bbtag:h4|font_size:16.8px|text_align:left|line_height:1.5&#8243; use_theme_fonts=\u00bbyes\u00bb letter_spacing=\u00bb2.5px\u00bb animation_delay=\u00bb100&#8243; el_class=\u00bbcustom-highlight-1 custom-weight-1 text-primary mb-2&#8243; animation_type=\u00bbfadeInUp\u00bb][vc_custom_heading text=\u00bbEnv\u00edenos un mensaje y conozca m\u00e1s sobre nuestros servicios\u00bb font_container=\u00bbtag:h3|font_size:35px|text_align:left|line_height:1.3&#8243; use_theme_fonts=\u00bbyes\u00bb font_weight=\u00bb500&#8243; letter_spacing=\u00bb0&#8243; animation_delay=\u00bb250&#8243; el_class=\u00bbtext-white mb-3 pb-1&#8243; animation_type=\u00bbfadeInUp\u00bb][vc_custom_heading text=\u00bbContacta con nosotros y p\u00eddenos un presupuesto sin compromiso. Te responderemos en menos de 24 horas.\u00bb font_container=\u00bbtag:p|font_size:15.4px|text_align:left\u00bb use_theme_fonts=\u00bbyes\u00bb animation_delay=\u00bb500&#8243; animation_type=\u00bbfadeInUp\u00bb el_class=\u00bbpb-3 mb-4&#8243;]<div role=\"form\" class=\"wpcf7\" id=\"wpcf7-f324-o1\" lang=\"es-ES\" dir=\"ltr\">\n<div class=\"screen-reader-response\"><p role=\"status\" aria-live=\"polite\" aria-atomic=\"true\"><\/p> <ul><\/ul><\/div>\n<form action=\"\/index.php?rest_route=%2Fwp%2Fv2%2Fpages%2F11#wpcf7-f324-o1\" method=\"post\" class=\"wpcf7-form init\" novalidate=\"novalidate\" data-status=\"init\">\n<div style=\"display: none;\">\n<input type=\"hidden\" name=\"_wpcf7\" value=\"324\" \/>\n<input type=\"hidden\" name=\"_wpcf7_version\" value=\"5.6.3\" \/>\n<input type=\"hidden\" name=\"_wpcf7_locale\" value=\"es_ES\" \/>\n<input type=\"hidden\" name=\"_wpcf7_unit_tag\" value=\"wpcf7-f324-o1\" \/>\n<input type=\"hidden\" name=\"_wpcf7_container_post\" value=\"0\" \/>\n<input type=\"hidden\" name=\"_wpcf7_posted_data_hash\" value=\"\" \/>\n<input type=\"hidden\" name=\"_wpcf7_recaptcha_response\" value=\"\" \/>\n<\/div>\n<div class=\"mb-3\">\n    <span class=\"wpcf7-form-control-wrap\" data-name=\"text-771\"><input type=\"text\" name=\"text-771\" value=\"\" size=\"40\" class=\"wpcf7-form-control wpcf7-text wpcf7-validates-as-required form-control\" aria-required=\"true\" aria-invalid=\"false\" placeholder=\"* Nombre\" \/><\/span>\n<\/div>\n<div class=\"mb-3\">\n    <span class=\"wpcf7-form-control-wrap\" data-name=\"email-406\"><input type=\"email\" name=\"email-406\" value=\"\" size=\"40\" class=\"wpcf7-form-control wpcf7-text wpcf7-email wpcf7-validates-as-required wpcf7-validates-as-email form-control\" aria-required=\"true\" aria-invalid=\"false\" placeholder=\"* Email\" \/><\/span>\n<\/div>\n<div class=\"mb-3\">\n    <span class=\"wpcf7-form-control-wrap\" data-name=\"tel-721\"><input type=\"tel\" name=\"tel-721\" value=\"\" size=\"40\" class=\"wpcf7-form-control wpcf7-text wpcf7-tel wpcf7-validates-as-required wpcf7-validates-as-tel form-control\" aria-required=\"true\" aria-invalid=\"false\" placeholder=\"* Tel\u00e9fono\" \/><\/span>\n<\/div>\n<div class=\"m-b-xl\">\n    <span class=\"wpcf7-form-control-wrap\" data-name=\"textarea-824\"><textarea name=\"textarea-824\" cols=\"40\" rows=\"10\" class=\"wpcf7-form-control wpcf7-textarea wpcf7-validates-as-required form-control\" aria-required=\"true\" aria-invalid=\"false\" placeholder=\"* Mensaje\"><\/textarea><\/span>\n<\/div>\n<div class=\"custom-btn-style-1 custom-btn-primary d-inline-block\">\n    <input type=\"submit\" value=\"Enviar\" class=\"wpcf7-form-control has-spinner wpcf7-submit font-weight-semibold btn-primary\" \/>\n<\/div>\n<div class=\"wpcf7-response-output\" aria-hidden=\"true\"><\/div><\/form><\/div>[\/vc_column][vc_column width=\u00bb1\/2&#8243; el_class=\u00bboverlay-color-primary custom-overlay custom-contact h-100 d-none d-md-block\u00bb css=\u00bb.vc_custom_1613432624467{background-image: url(\/\/sw-themes.com\/porto_dummy\/wp-content\/uploads\/2021\/02\/background-2.jpg?id=318) !important;background-position: center !important;background-repeat: no-repeat !important;background-size: cover !important;}\u00bb][\/vc_column][\/vc_row]<\/p>\n","protected":false},"excerpt":{"rendered":"<p>[vc_row wrap_container=\u00bbyes\u00bb el_class=\u00bbpt-3 mt-4&#8243;][vc_column][vc_custom_heading text=\u00bbDrisanet est\u00e1 formada por profesionales a los que les apasiona el trabajo bien hecho. Nuestro objetivo es trabajar como si fu\u00e9ramos uno m\u00e1s del equipo de la empresa, adapt\u00e1ndonos a las necesidades de cada organizaci\u00f3n, y dando resultados visibles desde el primer momento\u00bb font_container=\u00bbtag:h2|font_size:35px|text_align:left|line_height:1.3&#8243; use_theme_fonts=\u00bbyes\u00bb letter_spacing=\u00bb-1.75px\u00bb animation_delay=\u00bb250&#8243; el_class=\u00bbtext-transform-none font-weight-semibold mb-4 mb-lg-3 [&hellip;]<\/p>\n","protected":false},"author":1,"featured_media":0,"parent":0,"menu_order":0,"comment_status":"closed","ping_status":"closed","template":"","meta":[],"_links":{"self":[{"href":"https:\/\/www.drisanet.com\/index.php?rest_route=\/wp\/v2\/pages\/11"}],"collection":[{"href":"https:\/\/www.drisanet.com\/index.php?rest_route=\/wp\/v2\/pages"}],"about":[{"href":"https:\/\/www.drisanet.com\/index.php?rest_route=\/wp\/v2\/types\/page"}],"author":[{"embeddable":true,"href":"https:\/\/www.drisanet.com\/index.php?rest_route=\/wp\/v2\/users\/1"}],"replies":[{"embeddable":true,"href":"https:\/\/www.drisanet.com\/index.php?rest_route=%2Fwp%2Fv2%2Fcomments&post=11"}],"version-history":[{"count":15,"href":"https:\/\/www.drisanet.com\/index.php?rest_route=\/wp\/v2\/pages\/11\/revisions"}],"predecessor-version":[{"id":869,"href":"https:\/\/www.drisanet.com\/index.php?rest_route=\/wp\/v2\/pages\/11\/revisions\/869"}],"wp:attachment":[{"href":"https:\/\/www.drisanet.com\/index.php?rest_route=%2Fwp%2Fv2%2Fmedia&parent=11"}],"curies":[{"name":"wp","href":"https:\/\/api.w.org\/{rel}","templated":true}]}}